{"id":20,"date":"2018-08-27T14:31:52","date_gmt":"2018-08-27T14:31:52","guid":{"rendered":"http:\/\/www.ski-kanu-reisen.de\/?page_id=20"},"modified":"2026-03-16T11:21:54","modified_gmt":"2026-03-16T09:21:54","slug":"kanuausleihe","status":"publish","type":"page","link":"http:\/\/www.ski-kanu-reisen.de\/?page_id=20","title":{"rendered":"Kanu Verleih (Alster &#8211; St\u00f6r &#8211; Breitenburger Gew\u00e4sser mit Kanutransport)"},"content":{"rendered":"<pre style=\"text-align: left;\"><strong><span style=\"font-family: arial,helvetica,sans-serif; font-size: 14pt;\">Kanuverleih\u00a0 (mit Bootstransport entlang der Alster\/ Breitenburger Gew\u00e4sser\/ Rhin \/ St\u00f6r)<\/span><\/strong><\/pre>\n<pre style=\"text-align: left;\"><strong><span style=\"font-family: arial,helvetica,sans-serif; font-size: 14pt;\">(Preise+Tourenvorschl\u00e4ge)<\/span><em>\u00a0\u00a0\u00a0<\/em><\/strong><\/pre>\n<table style=\"width: 100%; height: 184px; border-collapse: collapse;\">\n<tbody>\n<tr style=\"height: 23px;\">\n<td style=\"width: 33.72%; height: 23px;\"><strong>Alu-Kanus mit Flechtsitz<\/strong><\/td>\n<td style=\"width: 16.24%; height: 23px; text-align: center;\"><strong><span style=\"font-family: arial,helvetica,sans-serif;\">Mo-Do<\/span><\/strong><\/td>\n<td style=\"width: 26.57%; height: 23px;\"><strong><span style=\"font-family: arial,helvetica,sans-serif;\">\u00a0 \u00a0 Fr, Sa,So +Feiertag<\/span><\/strong><\/td>\n<td style=\"width: 23.42%; height: 23px;\"><span style=\"font-family: arial,helvetica,sans-serif;\">mehrere Tag<\/span><\/td>\n<\/tr>\n<tr style=\"height: 23px;\">\n<td style=\"width: 33.72%; height: 23px;\"><strong><span style=\"font-family: arial,helvetica,sans-serif;\">2er Alu-Kanu kurz<\/span><\/strong><\/td>\n<td style=\"width: 16.24%; height: 23px; text-align: center;\"><strong><span style=\"font-family: arial,helvetica,sans-serif;\">\u20ac 30,&#8211;<\/span><\/strong><\/td>\n<td style=\"width: 26.57%; height: 23px; text-align: center;\"><strong><span style=\"font-family: arial,helvetica,sans-serif;\">\u20ac 40,&#8211;<\/span><\/strong><\/td>\n<td style=\"width: 23.42%; height: 23px;\"><span style=\"font-family: arial,helvetica,sans-serif;\">\u00a0auf Anfrage<\/span><\/td>\n<\/tr>\n<tr style=\"height: 138px;\">\n<td style=\"width: 33.72%; height: 138px;\"><span style=\"font-family: arial,helvetica,sans-serif;\"><strong>3er Alu-Kanu lang<\/strong><br \/>\n= 2er lang (5,25 m)<br \/>\nmit Zusatzsitz f\u00fcr<br \/>\n3 Erwachsene\u00a0 bzw.<br \/>\n2 Erw. + 1-2 Kinder b.12J.<br \/>\n<\/span><\/td>\n<td style=\"width: 16.24%; height: 138px; text-align: center;\"><strong><span style=\"font-family: arial,helvetica,sans-serif;\">\u20ac 40,&#8211;<\/span><\/strong><\/td>\n<td style=\"width: 26.57%; height: 138px; text-align: center;\"><strong><span style=\"font-family: arial,helvetica,sans-serif;\">\u20ac\u00a0 50,&#8211;<\/span><\/strong><\/td>\n<td style=\"width: 23.42%; height: 138px;\"><span style=\"font-family: arial,helvetica,sans-serif;\"><span style=\"font-family: arial,helvetica,sans-serif;\">\u00a0<img decoding=\"async\" class=\"wp-image-526\" src=\"http:\/\/www.ski-kanu-reisen.de\/wp-content\/uploads\/2019\/05\/20170512_173229-300x225.jpg\" alt=\"\" width=\"160\" height=\"120\" srcset=\"http:\/\/www.ski-kanu-reisen.de\/wp-content\/uploads\/2019\/05\/20170512_173229-300x225.jpg 300w, http:\/\/www.ski-kanu-reisen.de\/wp-content\/uploads\/2019\/05\/20170512_173229-768x576.jpg 768w, http:\/\/www.ski-kanu-reisen.de\/wp-content\/uploads\/2019\/05\/20170512_173229-1024x768.jpg 1024w\" sizes=\"(max-width: 160px) 100vw, 160px\" \/><\/span><\/span><\/td>\n<\/tr>\n<\/tbody>\n<\/table>\n<h5><span style=\"font-family: arial, helvetica, sans-serif; font-size: 10pt;\">Die Preise beinhalten Paddel, Gep\u00e4cktonne pro Kanu, Schwimmwesten bei Bedarf und vorheriger Bestellung) ab 25358 Horst (Holstein) .<br \/>\n<\/span><\/h5>\n<h5><span style=\"font-size: 10pt;\"><span style=\"font-family: arial, helvetica, sans-serif;\">Die Ausleihe erfolgt\u00a0 bei den Fl\u00fcssen an den gew\u00fcnschten Ausleihorten ab\/an Kanutrailer.<br \/>\n<\/span><\/span><span style=\"font-family: arial, helvetica, sans-serif; font-size: 10pt;\"><span style=\"font-family: arial, helvetica, sans-serif;\"><span style=\"font-size: 13.3333px;\"><span style=\"font-size: 12pt;\">&#8211;Transportkosten Alster<\/span> pro Fahrt:<br \/>\n1 Kanu = \u20ac 60,00\u00a0 \u00a0 \u00a02 &#8211; 3 Kanus \u20ac 45,&#8211;\u00a0 \u00a0 4 &#8211; 6 Kanus\u00a0 \u20ac 35,&#8211;\u00a0 ab 7 Kanus = \u20ac 25,&#8211;<br \/>\n<\/span><\/span><span style=\"font-family: arial,helvetica,sans-serif; font-size: 10pt;\">\u00a0 \u00a0+ Fahrt zum Stadtpark \/ zur Au\u00dfenalster (Heilwigstr) zus\u00e4tzlich\u00a0 \u20ac 45,&#8211; .<br \/>\n<span style=\"font-size: 10pt;\"><strong><span style=\"font-size: 12pt;\">&#8211;Transportkosten<\/span>\u00a0<span style=\"font-size: 12pt;\">(Breitenburger Gew\u00e4sser \/ Rhin \/ St\u00f6r<\/span><\/strong>) <\/span><\/span><\/span><span style=\"font-family: arial, helvetica, sans-serif; font-size: 10pt;\"><span style=\"font-family: arial,helvetica,sans-serif; font-size: 10pt;\"><span style=\"font-size: 10pt;\"><strong>pro Fahrt:<br \/>\n<\/strong><\/span><\/span><\/span><span style=\"font-family: arial, helvetica, sans-serif; font-size: 10pt;\"><span style=\"font-family: arial,helvetica,sans-serif; font-size: 10pt;\"><em><strong>\u00a0 \u00a01 Kanu = \u20ac 60,00\u00a0 \u00a0 2 &#8211; 3 Kanus \u20ac 45,&#8211;\u00a0 \u00a0 4 &#8211; 6 Kanus\u00a0 \u20ac 35,&#8211;\u00a0 ab 7 Kanus = \u20ac 20,&#8211;<\/strong><\/em><\/span><\/span><\/h5>\n<p>&nbsp;<\/p>\n<h5><span style=\"font-size: 10pt;\"><strong><span style=\"font-size: 12pt;\"><em>Kanufl\u00fcsse:<\/em> <\/span>(Beschreibung, Ausleihstellen\u00a0 und Transportkosten siehe unten)<\/strong><\/span><br \/>\n<span style=\"font-size: 10pt;\"><strong><span style=\"font-size: 12pt;\">\u00a0&#8211; Alster <\/span>(ab Wulksfelde-Duvenstedt bis Au\u00dfenalster-Stadtpark)<\/strong><\/span><br \/>\n<span style=\"font-size: 10pt;\"><strong><span style=\"font-size: 12pt;\">&#8211; Breitenburger Gew\u00e4sser<\/span> (idyllischer Moorkanal bei L\u00e4gerdorf)<\/strong><\/span><br \/>\n<span style=\"font-size: 10pt;\"><strong><span style=\"font-size: 12pt;\">&#8211; Rhin +<\/span> Schwarzwaser (Runkurs bei Gl\u00fcckstadt, Herzhorn)<\/strong><\/span><br \/>\n<span style=\"font-size: 10pt;\"><strong><span style=\"font-size: 12pt;\">&#8211; St\u00f6r<\/span> (Oberlauf ab Arpsdorf &#8211; Willenscharen -Rosdorf-Kellinghusen)<\/strong><\/span><span style=\"font-size: 10pt;\"><span style=\"font-family: arial, helvetica, sans-serif;\">)<br \/>\n<\/span><br \/>\n<\/span><\/h5>\n<h5><span style=\"font-size: 10pt;\"><span style=\"font-family: arial,helvetica,sans-serif;\"><em><span style=\"font-size: 12pt;\"><strong>Tourenvorschl\u00e4ge<\/strong> f\u00fcr die Alster<\/span><\/em><br \/>\n<\/span><\/span><span style=\"font-size: 10pt;\">Tour I &#8211; Abenteuertour = 4 km Alster-Dschungel (B\u00e4ume quer &#8211; Umtragen der Kanus \u00fcber Land bzw. das Kanu leer im Fluss schieben<\/span><span style=\"font-size: 10pt;\">) &#8211; danach gut fahrbar. Nur 2er Kanus<\/span><br \/>\n<span style=\"font-size: 10pt;\">Start: <span style=\"color: #3366ff;\">Wulksfelde<\/span> (Wulksfelder Weg) bis Poppenb\u00fcttel (Poppenb\u00fcttler Schleuse) 4-5 Std., 14 km\u00a0<\/span><br \/>\n<span style=\"font-size: 10pt;\">Anreise: U1 bis Ohlstedt und Fu\u00dfweg ca. 40 Min. oder Bus 176 oder 276 bis Duvenstedt<\/span><\/h5>\n<h5><span style=\"font-family: arial, helvetica, sans-serif; font-size: 10pt;\"><strong>Tour II &#8211; unsere Empfehlung<\/strong><em><br \/>\n<\/em>Start:\u00a0 <span style=\"color: #0000ff;\">Duvensted<\/span>t (Schleusenredder 2) Fast immer guter Wasserstad bis\u00a0<span style=\"color: #0000ff;\">Poppenb\u00fcttel<\/span><\/span><br \/>\n<span style=\"font-family: arial, helvetica, sans-serif; font-size: 10pt;\">Anreise: \u00a0\u00a0U1 bis Ohlstedt bzw. S1 Poppenb\u00fcttel, Bus 176,276 Duvenstedt \u2013 Br\u00fccke \u00fcber die Alster<\/span><br \/>\n<span style=\"font-family: arial, helvetica, sans-serif; font-size: 10pt;\">Strecke A: (<span style=\"color: #0000ff;\">Duvenstedt-Poppenb\u00fcttel<\/span>) \u00a010 Km, 3 Std + Pause \u00a0\u00a0\u00a0\u00a0\u00a0\u00a0\u00a0\u00a0\u00a0\u00a0\u00a0\u00a0\u00a0\u00a0(Empfehlung)<\/span><br \/>\n<span style=\"font-family: arial, helvetica, sans-serif; font-size: 10pt;\">Strecke\u00a0 B: (<span style=\"color: #0000ff;\">Duvenstedt-Klein Borstel<\/span>) \u2013 17 KM 4 Std + Pause ab Poppenb\u00fcttel\u00a0 teilweise flach (daher 2er Kanu)<\/span><\/h5>\n<h5><span style=\"font-family: arial, helvetica, sans-serif; font-size: 10pt;\"><strong>Tour III<\/strong><\/span><br \/>\n<span style=\"font-family: arial, helvetica, sans-serif; font-size: 10pt;\">Start <span style=\"color: #0000ff;\">Haselknick<\/span> (Am Haselknick) &#8212; bis <span style=\"color: #0000ff;\">Poppenb\u00fcttel<\/span> immer guter Wasserstand<\/span><br \/>\n<span style=\"font-family: arial, helvetica, sans-serif; font-size: 10pt;\">Anreise\u00a0\u00a0\u00a0 U1 bis Ohlstedt + ca, 15 Min. Fu\u00dfweg bis zur Alster\u00a0 (An\u00a0 Ende der Str. \u201eHaselknick\u201c)<\/span><br \/>\n<span style=\"font-family: arial, helvetica, sans-serif; font-size: 10pt;\">Strecke\u00a0\u00a0A: <span style=\"color: #0000ff;\">Haselknick-Poppenb\u00fcttel<\/span> \u2013 8 KM, ca. 2 Std + Pause \u00a0\u00a0\u00a0\u00a0\u00a0\u00a0\u00a0\u00a0\u00a0\u00a0\u00a0\u00a0&lt; (Empfehlung)<\/span><br \/>\n<span style=\"font-family: arial, helvetica, sans-serif; font-size: 10pt;\">Strecke B:\u00a0<span style=\"color: #0000ff;\"> Haselknick-Klein Borstel<\/span>, 15 KM ca. 3,5 Std \u00a0ab Poppenb\u00fcttel anfangs teilweise flach<\/span><\/h5>\n<h5><span style=\"font-family: arial, helvetica, sans-serif; font-size: 10pt;\"><strong>Tour IV<\/strong><\/span><br \/>\n<span style=\"font-family: arial, helvetica, sans-serif; font-size: 10pt;\">Start: <span style=\"color: #0000ff;\">Mellingburger Schleuse<\/span> (Stra\u00dfe: Mellingburgredder 1) bis <span style=\"color: #0000ff;\">Klein Borstel<\/span><\/span><br \/>\n<span style=\"font-family: arial, helvetica, sans-serif; font-size: 10pt;\">Anreise \u00a0S-Bahn Poppenb\u00fcttel, Bus 276 bis Mellingburgredder + ca. 800m Fu\u00dfweg<\/span><br \/>\n<span style=\"font-family: arial, helvetica, sans-serif; font-size: 10pt;\">Strecke: \u00a0\u00a0 <span style=\"color: #0000ff;\">Mellingburger Schleuse-Klein Borstel\u00a0\u00a010 KM<\/span>, ca. 2,5 Std+ Pause (ab Poppenb\u00fcttel flach)<\/span><\/h5>\n<h5><span style=\"font-family: arial, helvetica, sans-serif; font-size: 10pt;\"><strong>Tour V<\/strong><\/span><br \/>\n<span style=\"font-family: arial, helvetica, sans-serif; font-size: 10pt;\">Start:<span style=\"color: #0000ff;\"> Poppenb\u00fcttler Schleuse<\/span> (Marienhof) bis <span style=\"color: #0000ff;\">Klein Borstel<\/span> oder <span style=\"color: #0000ff;\">Au\u00dfenalster<\/span><\/span><br \/>\n<span style=\"font-family: arial, helvetica, sans-serif; font-size: 10pt;\">Anreise\u00a0\u00a0 S-Bahn Poppenb\u00fcttel + ca. 5 Min. Fu\u00dfweg\u00a0\u00a0 (ab PB anfangs flach,schmal\u00a0&#8211; Empfehlung, 2er) Kanus<\/span><br \/>\n<span style=\"font-family: arial, helvetica, sans-serif; font-size: 10pt;\">Strecke\u00a0\u00a0: <span style=\"color: #0000ff;\">Poppenb\u00fcttel \u2013Klein Borstel \u00a07,5 KM<\/span>, 2 Std +Pause\u00a0\u00a0\u00a0\u00a0\u00a0\u00a0\u00a0\u00a0\u00a0\u00a0\u00a0\u00a0\u00a0\u00a0\u00a0\u00a0\u00a0\u00a0\u00a0\u00a0\u00a0\u00a0\u00a0\u00a0\u00a0\u00a0\u00a0\u00a0\u00a0\u00a0\u00a0\u00a0\u00a0\u00a0\u00a0\u00a0\u00a0\u00a0\u00a0\u00a0\u00a0\u00a0\u00a0\u00a0\u00a0\u00a0\u00a0\u00a0\u00a0\u00a0\u00a0\u00a0\u00a0\u00a0\u00a0\u00a0\u00a0\u00a0\u00a0\u00a0\u00a0\u00a0\u00a0\u00a0\u00a0\u00a0\u00a0\u00a0 .<\/span><br \/>\n<span style=\"font-family: arial, helvetica, sans-serif; font-size: 10pt;\">Strecke B: <span style=\"color: #0000ff;\">Poppenb\u00fcttel \u2013 Heilwigstr. 15 \u00a0Km<\/span> , 4 Std + Pause<\/span><\/h5>\n<h5><span style=\"font-family: arial, helvetica, sans-serif; font-size: 10pt;\"><strong>Tour VI<\/strong><\/span><br \/>\n<span style=\"font-family: arial, helvetica, sans-serif; font-size: 10pt;\">Start: <span style=\"color: #0000ff;\">Klein Borstel<\/span> \u00a0\u00a0bis<span style=\"color: #0000ff;\"> Au\u00dfenalster<\/span> (Heilwigstr.) oder <span style=\"color: #0000ff;\">Stadtpark<\/span><\/span><br \/>\n<span style=\"font-family: arial, helvetica, sans-serif; font-size: 10pt;\">Anreise: (U-Bahnstation Klein Borstel + 5 Min. Fu\u00dfweg)<\/span><br \/>\n<span style=\"font-family: arial, helvetica, sans-serif; font-size: 10pt;\">Strecke\u00a0A: <span style=\"color: #0000ff;\">Klein Borstel-Heilwigstra\u00dfe<\/span>) , ca. 8 Km, ca. 2 Std<\/span><br \/>\n<span style=\"font-family: arial, helvetica, sans-serif; font-size: 10pt;\">Strecke B: \u00a0<span style=\"color: #0000ff;\">Klein Borstel\u2013 Stadtpark<\/span> (S\u00fcdring) \u00a0ca. 10 km. ca. 3 Std<\/span><\/h5>\n<h5><span style=\"font-family: arial, helvetica, sans-serif; font-size: 10pt;\"><strong>Tour VII\u00a0<\/strong><span style=\"color: #0000ff;\"><br \/>\n<\/span>Start:<span style=\"color: #0000ff;\"> Heilwigstr. (N\u00e4he Au\u00dfenalster<\/span>)\u00a0 (Anreise: \u00a0U1 bis Klosterstern + ca. 10 Min Fu\u00dfweg)<\/span><br \/>\n<span style=\"font-family: arial, helvetica, sans-serif; font-size: 10pt;\">Strecke A: <span style=\"color: #0000ff;\">Rundkurs ab\/an Heiwigstr <\/span>Alster-Rondeelteich-<span style=\"color: #0000ff;\">Stadtparksee<\/span>&#8211; Au\u00dfenalster. 8 KM 2,5 Std+ Pause<\/span><br \/>\n<span style=\"font-family: arial, helvetica, sans-serif; font-size: 10pt;\">Strecke B: Heilwigstr-Klein Borstel Rondeelteich\u2013Leinpfad- Alsterlauf ca. 8 KM, ca. 2 Std + Pause<\/span><\/h5>\n<h5><span style=\"font-size: 10pt;\"><strong>Kanuverleih <span style=\"font-size: 12pt;\">Breitenburger Gew\u00e4sser<\/span><br \/>\nStrecke variabel bis 16 km \/ Ausleihort Wander-Parkplatz an der Dorfstra\u00dfe in L\u00e4gerdorf<\/strong><\/span><\/h5>\n<h6><span style=\"font-size: 10pt;\">Kanuverleih <span style=\"font-size: 12pt;\">Rhin (Rundkurs)<\/span><\/span><br \/>\n<span style=\"font-size: 10pt;\">Strecke Rhin + Schwarzwasser ca. 9 km Rundkurs ca. 2 1\/2 Std.<\/span><br \/>\n<span style=\"font-size: 10pt;\">Ausleihort Gl\u00fcckstadt, Stadtstr. 10\u00a0 N\u00e4he Bahnhof, Hafen \/ Herzhorn Br\u00fccke Grillchaussee<\/span><\/h6>\n<h5><span style=\"font-size: 10pt;\">Kanuverleih <span style=\"font-size: 12pt;\">St\u00f6r<\/span><\/span><br \/>\n<span style=\"font-size: 10pt;\">Start: <span style=\"color: #0000ff;\">\u00a0Arpsdorf\u00a0<\/span> (Br\u00fccke \u00fcber die St\u00f6r, N\u00e4he Feuerwehrhaus<\/span><br \/>\n<span style=\"font-size: 10pt;\">Strecke A: Arpsdorf bis <span style=\"color: #0000ff;\">Willenscharen<\/span> 7 km, ca. 2 Std.<\/span><br \/>\n<span style=\"font-size: 10pt;\">Strecke B:\u00a0 Arpsdorf bis<span style=\"color: #0000ff;\"> Fitzbek<\/span> (Wegebr\u00fccke), ca. 10 km, ca. 2,5 Std<\/span><br \/>\n<span style=\"font-size: 10pt;\">Strecke C:\u00a0 Arpsdorf \u00a0bis Wegebr\u00fccke <span style=\"color: #0000ff;\">St\u00f6rkaten \/ Rosdorf<\/span>, ca. 13,5 km, ca. 3, 5 Std.<br \/>\nStrecke D\u00a0 Arpsdorf\u00a0 bis Kellinghusen, ca. 18 km, ca. 5 Std.<br \/>\n<\/span><span style=\"font-size: 10pt;\">Strecke E\u00a0 Willenscharen &#8211; Kellinghusen ca. 12 km , ca, 3 Std<\/span><\/h5>\n<h5><\/h5>\n<h3><strong>Ausleihbedingungen<br \/>\n<\/strong><span style=\"font-size: 10pt;\"><strong>Transportkoste<\/strong><\/span><strong><span style=\"font-size: 10pt;\">n Alster und anderen Fl\u00fcssen\u00a0 &#8211; siehe oben &#8211;\u00a0<\/span><br \/>\n<\/strong><span style=\"font-family: arial,helvetica,sans-serif; font-size: 10pt;\">Wir liefern Ihnen die Boote an die Alster und holen diese gerne auch wieder an anderer Stelle ab.<\/span><br \/>\n<span style=\"font-family: arial,helvetica,sans-serif; font-size: 10pt;\">Selbstabholung der Boote (zum Transport auf dem Autodach)<\/span><br \/>\n<span style=\"font-family: arial,helvetica,sans-serif; font-size: 10pt;\">Bei einer Miete von mindestens \u20133- Kanus k\u00f6nnen Sie nach Absprache einen Anh\u00e4nger von uns kostenlos geliehen bekommen. Ausleihort: 25358 Horst (Holstein) , Bahnhofstr. 89b<\/span><\/h3>\n<h4><span style=\"font-size: 10pt;\"><strong>Bezahlung und Stornierung<\/strong><\/span><u><br \/>\n<\/u><span style=\"font-family: arial,helvetica,sans-serif; font-size: 10pt;\">Eine Buchung wird erst nach einer Anzahlung in H\u00f6he von 30% verbindlich. Der Restbetrag ist am Tage der Fahrt in bar zu bezahlen.<\/span><br \/>\n<span style=\"font-family: arial,helvetica,sans-serif; font-size: 10pt;\">Stornierungen sind bis zu 21 Tage vorher kostenlos.<br \/>\nBis 14 Tage vorher 30% Stornokosten.<\/span><br \/>\n<span style=\"font-family: arial,helvetica,sans-serif; font-size: 10pt;\">bis 7 Tage vorher =\u00a0 50%,<\/span><br \/>\n<span style=\"font-family: arial,helvetica,sans-serif; font-size: 10pt;\">bis 2 Tage vorher= 70%<\/span><br \/>\n<span style=\"font-family: arial,helvetica,sans-serif; font-size: 10pt;\">ab 2 Tage vorher 100% Stornokosten.<\/span><br \/>\n<span style=\"font-family: arial,helvetica,sans-serif; font-size: 10pt;\">Bei <u>extremen<\/u> Regenf\u00e4llen am Tage der Tour am Einsatzort ist eine Stornierung beim Tagesverleih kostenlos.<\/span><\/h4>\n<h4><span style=\"font-family: arial, helvetica, sans-serif; font-size: 10pt;\"><strong>Versicherung<\/strong><\/span><u><br \/>\n<\/u><span style=\"font-family: arial,helvetica,sans-serif; font-size: 10pt;\">Weder Boote noch Zubeh\u00f6r wie Schwimmweste, Paddel, Kanutrailer etc sind versichert. S\u00e4mtliche \u00fcber die normale Abnutzung hinausgehenden Sch\u00e4den sind vom Mieter zu bezahlen. Gleiches gilt f\u00fcr Diebstahl w\u00e4hrend der Mietdauer.<\/span><\/h4>\n","protected":false},"excerpt":{"rendered":"<p>Kanuverleih\u00a0 (mit Bootstransport entlang der Alster\/ Breitenburger Gew\u00e4sser\/ Rhin \/ St\u00f6r) (Preise+Tourenvorschl\u00e4ge)\u00a0\u00a0\u00a0 Alu-Kanus mit Flechtsitz Mo-Do \u00a0 \u00a0 Fr, Sa,So +Feiertag mehrere Tag 2er Alu-Kanu kurz \u20ac 30,&#8211; \u20ac 40,&#8211; \u00a0auf Anfrage 3er Alu-Kanu lang<\/p>\n","protected":false},"author":1,"featured_media":0,"parent":0,"menu_order":0,"comment_status":"closed","ping_status":"closed","template":"","meta":{"footnotes":""},"class_list":["post-20","page","type-page","status-publish","hentry"],"_links":{"self":[{"href":"http:\/\/www.ski-kanu-reisen.de\/index.php?rest_route=\/wp\/v2\/pages\/20","targetHints":{"allow":["GET"]}}],"collection":[{"href":"http:\/\/www.ski-kanu-reisen.de\/index.php?rest_route=\/wp\/v2\/pages"}],"about":[{"href":"http:\/\/www.ski-kanu-reisen.de\/index.php?rest_route=\/wp\/v2\/types\/page"}],"author":[{"embeddable":true,"href":"http:\/\/www.ski-kanu-reisen.de\/index.php?rest_route=\/wp\/v2\/users\/1"}],"replies":[{"embeddable":true,"href":"http:\/\/www.ski-kanu-reisen.de\/index.php?rest_route=%2Fwp%2Fv2%2Fcomments&post=20"}],"version-history":[{"count":75,"href":"http:\/\/www.ski-kanu-reisen.de\/index.php?rest_route=\/wp\/v2\/pages\/20\/revisions"}],"predecessor-version":[{"id":1093,"href":"http:\/\/www.ski-kanu-reisen.de\/index.php?rest_route=\/wp\/v2\/pages\/20\/revisions\/1093"}],"wp:attachment":[{"href":"http:\/\/www.ski-kanu-reisen.de\/index.php?rest_route=%2Fwp%2Fv2%2Fmedia&parent=20"}],"curies":[{"name":"wp","href":"https:\/\/api.w.org\/{rel}","templated":true}]}}