{"id":212,"date":"2018-08-30T10:46:58","date_gmt":"2018-08-30T10:46:58","guid":{"rendered":"http:\/\/www.ski-kanu-reisen.de\/?page_id=212"},"modified":"2025-05-26T16:27:01","modified_gmt":"2025-05-26T14:27:01","slug":"kanuverleih-schulen","status":"publish","type":"page","link":"https:\/\/www.ski-kanu-reisen.de\/?page_id=212","title":{"rendered":"Kanutouren f\u00fcr Schulen"},"content":{"rendered":"<p><span style=\"color: #ffffff; font-size: 8pt;\">http:\/\/www.urlaub-anbieter.com\/skilanglauf-kanu-reisen-elvers-3.tm<\/span><\/p>\n<p><strong>Kanutouren\/Kanuausleihe f\u00fcr Schulen<\/strong><\/p>\n<p><img fetchpriority=\"high\" decoding=\"async\" class=\"alignright wp-image-396\" src=\"http:\/\/www.ski-kanu-reisen.de\/wp-content\/uploads\/2019\/04\/Sch\u00fcler-Alster-Mellingburg-300x225.jpg\" alt=\"\" width=\"301\" height=\"226\" srcset=\"https:\/\/www.ski-kanu-reisen.de\/wp-content\/uploads\/2019\/04\/Sch\u00fcler-Alster-Mellingburg-300x225.jpg 300w, https:\/\/www.ski-kanu-reisen.de\/wp-content\/uploads\/2019\/04\/Sch\u00fcler-Alster-Mellingburg-768x576.jpg 768w, https:\/\/www.ski-kanu-reisen.de\/wp-content\/uploads\/2019\/04\/Sch\u00fcler-Alster-Mellingburg-1024x768.jpg 1024w\" sizes=\"(max-width: 301px) 100vw, 301px\" \/><br \/>\n<strong>M\u00f6glichkeit A: <em>(11,00 \u20ac p. Person = Ausleihe)<\/em><\/strong><br \/>\nAnlieferung und Abholung der Kanus. Die Tour wird von dem Lehrer\/den Lehrern selbst\u00e4ndig durchgef\u00fchrt. Auf Wunsch kann zu Beginn der Kanutour eine Demonstration der Paddeltechnik erfolgen und es k\u00f6nnen Hinweise zum Verhalten im Kanu gegeben werden.<br \/>\nBerechnung: Personenzahl bei Abfahrt x 11,00 \u20ac\/ Mindestpreis \u20ac 260,00 als Vorauszahlung<\/p>\n<p><strong>M\u00f6glichkeit B:\u00a0<em>(15,00 \u20ac p. Person = einschl. Begleitung\u00a0 Kanuschein)<\/em><\/strong><br \/>\nDie Kanutour wird von uns sicherheitstechnisch verantwortlich begeleitet. Die p\u00e4dagogische Verantwortung liegt bei dem Lehrer. Es erfolgt zu Beginn der Kanutour eine Demonstration der Paddeltechnik und es werden Hinweise zum Verhalten im Kanu gegeben. Bei Schwierigkeiten gibt der Fahrtenleiter unterwegs fachkundige Hilfen.<br \/>\nBerechnung: Personenzahl bei Abfahrt x 13,00 \u20ac\/ Mindestpreis \u20ac 330,00 als Vorauszahlung<\/p>\n<h4><span style=\"font-family: arial,helvetica,sans-serif;\">Wir empfehlen f\u00fcr Schulklassen die Touren:<\/span><br \/>\n<span style=\"font-family: arial,helvetica,sans-serif;\">Touren IIa \/ IIIa \/VII<\/span><br \/>\n<span style=\"font-family: arial,helvetica,sans-serif;\">Duvenstedt oder Haselknick bis Poppenb\u00fcttel (flacher, schmaler Oberlauf der Alster)<\/span><br \/>\n<span style=\"font-family: arial,helvetica,sans-serif;\">Rundkurs\u00a0 ab Heilwigstrasse, (Au\u00dfenalster-Rondeelteich-Goldbekkanal-Stadtparksee)<\/span><\/h4>\n<hr \/>\n<p><strong>Tour II\u00a0<\/strong><br \/>\nDuvenstedt (Br\u00fccke Schleusenredder)<br \/>\nAnreise: \u00a0 U1 bis Ohlstedt bzw. S1 Poppenb\u00fcttel, Bus 176,276 Duvenstedt<br \/>\nTour II a)\u00a0\u00a0 Duvenstedt-Poppenb\u00fcttel\u00a0\u00a0\u2013 10 km 3 Std + Pause +Org\u00a0= ca. 4,5 Std.<br \/>\nTour \u00cdI b)\u00a0\u00a0\u00a0Duvenstedt-Klein Borstel \u2013 17 km 4 Std + Pause + Org. = ca. 6 Std.<\/p>\n<hr \/>\n<p><strong>Tour III \u00a0<\/strong><br \/>\nab Haselknick<br \/>\nAnreise\u00a0\u00a0 U1 bis Ohlstedt + ca, 15 Min. Fu\u00dfweg bis zur Alster\u00a0 (An\u00a0 Ende der Str. \u201eHaselknick\u201c)<br \/>\nTour III a) Haselknick &#8211; Poppenb\u00fcttel 8 km ca. 2 Std + Pause+ Org (Empfehlung Klasse 4-8)<br \/>\nTour III b) Haselknick &#8211; Klein Borstel, 15 km ca. 3,5 Std + Pause + Org. = 5,5 Std.<\/p>\n<hr \/>\n<p><strong>Tour IV<\/strong><br \/>\nab Mellingburger Schleuse<br \/>\nAnreise S-Bahn Poppenb\u00fcttel, Bus 276 bis Mellingburgredder + ca. 800m Fu\u00dfweg<br \/>\nTour IV a)\u00a0 Mellingburger Schleuse &#8211; Klein Borstel, 10 km, ca. 2,5 Std + Pause +Org. 4 Std.<br \/>\nTour IV b) Mellingburger Schleuse &#8211; Heilwigstrasse, ca 17 km, ca. 4 Std. + Pause+Org 6 Std<\/p>\n<hr \/>\n<p><strong>Tour V \u00a0<\/strong><br \/>\nab Poppenb\u00fcttler Schleuse<br \/>\nAnreise: S-Bahn Poppenb\u00fcttel, ca. 5 Min. Fu\u00dfweg<br \/>\nTour V a)\u00a0 Poppenb\u00fcttel &#8211; Klein Borstel, 7,5 km 2 Std +Pause+ Org\u00a0= 4 Std.\u00a0(ab Klasse 6)<br \/>\nTour V b) Poppenb\u00fcttel &#8211; Heilwigstrasse, 15 km, 3, 5 Std. +Pause+Org= 5,5 Std.<\/p>\n<hr \/>\n<p><strong>Tour VI\u00a0\u00a0<\/strong><br \/>\nab Klein Borstel<br \/>\nAnreise : U-Bahnstation Klein Borstel, 5 Min. Fu\u00dfweg<br \/>\nTour VI a)\u00a0Klein Borstel &#8211; Heilwigstrasse, ca. 8 km, ca. 2 Std+Pause+Org = 3,5 Std.<br \/>\nTour VI b) Klein Borstel &#8211; Stadtpark, ca.10 km, ca. 3 Std+Pause+Org. = 4 Std.<\/p>\n<hr \/>\n<p><strong>Tour VII\u00a0\u00a0<\/strong><br \/>\nab Heilwigstrasse, N\u00e4he Aussenalster<br \/>\nAnreise : \u00a0U1 bis Klosterstern, \u00a0ca. 10 Min Fu\u00dfweg bis an die Alster (Heilwigstrasse)<br \/>\nTour VII a)\u00a0\u00a0 Rundkurs ab\/an Heilwigstrasse (Alsterauf, Rondeelteich, Goldbeckkanal, Stadtparksee, Au\u00dfenalster), ca. 8km, 2,5 Std+ Pause+Org = 4 Std.<br \/>\nTour VII b)\u00a0 Rundkurs Kan\u00e4le (Leinpfadkanal, Rondellteich, Feenteich, Au\u00dfenalster)<br \/>\nvariable Tour ab 3-4 km mit Org., \u00a0ab\u00a02 Std.<br \/>\nTour VII c)\u00a0 Heilwigstrasse\u00a0(Klein Borstel, Rondeelteich, Leinpfad, Alsterlauf)<br \/>\nca. 8 km, ca. 2 Std.+Pause+ Org = ca. 3,5 Std.<\/p>\n<hr \/>\n<p><strong>Hinweis:<\/strong><br \/>\nZu der genannten Paddelzeit\u00a0 (abh\u00e4ngig vom Alter, Wasserstand etc.) kommt die Zeit f\u00fcr die Einweisung, Organisation und die Pausenl\u00e4nge.<br \/>\nDiese Zeiten sind f\u00fcr die begleiteten Touren angegeben (2 Std +\/-\u00bd Std.)<\/p>\n<p><span style=\"color: #ffffff; font-size: 8pt;\">http:\/\/www.urlaub-anbieter.com\/skilanglauf-kanu-reisen-elvers-3.htm<\/span><\/p>\n","protected":false},"excerpt":{"rendered":"<p>http:\/\/www.urlaub-anbieter.com\/skilanglauf-kanu-reisen-elvers-3.tm Kanutouren\/Kanuausleihe f\u00fcr Schulen M\u00f6glichkeit A: (11,00 \u20ac p. Person = Ausleihe) Anlieferung und Abholung der Kanus. Die Tour wird von dem Lehrer\/den Lehrern selbst\u00e4ndig durchgef\u00fchrt. Auf Wunsch kann zu Beginn der Kanutour eine Demonstration<\/p>\n","protected":false},"author":1,"featured_media":0,"parent":0,"menu_order":0,"comment_status":"closed","ping_status":"closed","template":"","meta":{"footnotes":""},"class_list":["post-212","page","type-page","status-publish","hentry"],"_links":{"self":[{"href":"https:\/\/www.ski-kanu-reisen.de\/index.php?rest_route=\/wp\/v2\/pages\/212","targetHints":{"allow":["GET"]}}],"collection":[{"href":"https:\/\/www.ski-kanu-reisen.de\/index.php?rest_route=\/wp\/v2\/pages"}],"about":[{"href":"https:\/\/www.ski-kanu-reisen.de\/index.php?rest_route=\/wp\/v2\/types\/page"}],"author":[{"embeddable":true,"href":"https:\/\/www.ski-kanu-reisen.de\/index.php?rest_route=\/wp\/v2\/users\/1"}],"replies":[{"embeddable":true,"href":"https:\/\/www.ski-kanu-reisen.de\/index.php?rest_route=%2Fwp%2Fv2%2Fcomments&post=212"}],"version-history":[{"count":61,"href":"https:\/\/www.ski-kanu-reisen.de\/index.php?rest_route=\/wp\/v2\/pages\/212\/revisions"}],"predecessor-version":[{"id":1068,"href":"https:\/\/www.ski-kanu-reisen.de\/index.php?rest_route=\/wp\/v2\/pages\/212\/revisions\/1068"}],"wp:attachment":[{"href":"https:\/\/www.ski-kanu-reisen.de\/index.php?rest_route=%2Fwp%2Fv2%2Fmedia&parent=212"}],"curies":[{"name":"wp","href":"https:\/\/api.w.org\/{rel}","templated":true}]}}